{"id":128,"date":"2018-01-12T20:23:24","date_gmt":"2018-01-12T18:23:24","guid":{"rendered":"http:\/\/www.eepinen.fi\/kaarela-seura\/?page_id=128"},"modified":"2023-04-26T15:11:56","modified_gmt":"2023-04-26T12:11:56","slug":"tanotorvi","status":"publish","type":"page","link":"http:\/\/www.kannelmaki.fi\/kaarela-seura\/tanotorvi\/","title":{"rendered":"Tanotorvi"},"content":{"rendered":"<p><b>Tanotorvi-lehti<\/b><\/p>\n<p><span>Kaarela-Seuran julkaisema Tanotorvi-lehti on ilmestynyt Helsingiss\u00e4 Kaarelan kaupunginosassa vuodesta 1964. Lehti on kuulunut jo yli 50 vuotta Kaarelan kaupunginosan arkeen. Se on pitk\u00e4 ja ansiokas taival paikallislehdelle. T\u00e4n\u00e4\u00e4n lehti on paitsi Kaarelan, my\u00f6s koko l\u00e4ntisen Helsingin ja Vantaan kaupunkirajan (Myyrm\u00e4ki, Kaivoksela, Louhela) kulttuuri- , urheilu- ja kotiseutujulkaisu. Se v\u00e4litt\u00e4\u00e4 tietoja alueen tapahtumista, ottaa kantaa erilaisiin ongelmiin, viihdytt\u00e4\u00e4 ja toimii asukkaiden etujen parantamiseksi.<\/span><\/p>\n<p><span>Lehti ilmestyy 12 kertaa vuodessa 12-20 sivuisena Eurotabloidina. Kaarelassa tehdyn lukijatutkimuksen mukaan lehden tuntee 98,94 % ja sit\u00e4 lukee tai selaa 95,74 % ihmisist\u00e4. Tanotorvella on noin 80 000 lukijaa. Lehti tukee paikallista kulttuuri-, urheilu- ja yritystoimintaa.<\/span><\/p>\n<p>Lehden kotisivut: <a href=\"http:\/\/www.eepinen.fi\/tanotorvi\/\" target=\"_blank\" rel=\"noopener\">Tanotorvi-lehti<\/a><span>\u00a0ja <a href=\"https:\/\/www.lehtiluukku.fi\/lehdet\/tanotorvi\/tanotorvi\/\">n\u00e4k\u00f6islehti!<\/a><\/span><\/p>\n<p><span>Kustantaja:\u00a0<\/span><span>Eepinen Oy, Jauri Varvikko, 040 512 5105, tanotorvi@eepinen.fi<\/span><\/p>\n<p><a href=\"http:\/\/www.eepinen.fi\/tanotorvi\/wp-content\/uploads\/2023\/01\/Tanomedia-23.pdf\">Mediakortti 2023<\/a><\/p>\n","protected":false},"excerpt":{"rendered":"<p>Tanotorvi-lehti Kaarela-Seuran julkaisema Tanotorvi-lehti on ilmestynyt Helsingiss\u00e4 Kaarelan kaupunginosassa vuodesta 1964. Lehti on kuulunut jo yli 50 vuotta Kaarelan kaupunginosan arkeen. Se on pitk\u00e4 ja ansiokas taival paikallislehdelle. T\u00e4n\u00e4\u00e4n lehti on paitsi Kaarelan, my\u00f6s koko l\u00e4ntisen Helsingin ja Vantaan kaupunkirajan (Myyrm\u00e4ki, Kaivoksela, Louhela) kulttuuri- , urheilu- ja kotiseutujulkaisu. Se v\u00e4litt\u00e4\u00e4 [&hellip;]<\/p>\n","protected":false},"author":1,"featured_media":0,"parent":0,"menu_order":0,"comment_status":"closed","ping_status":"closed","template":"","meta":[],"_links":{"self":[{"href":"http:\/\/www.kannelmaki.fi\/kaarela-seura\/wp-json\/wp\/v2\/pages\/128"}],"collection":[{"href":"http:\/\/www.kannelmaki.fi\/kaarela-seura\/wp-json\/wp\/v2\/pages"}],"about":[{"href":"http:\/\/www.kannelmaki.fi\/kaarela-seura\/wp-json\/wp\/v2\/types\/page"}],"author":[{"embeddable":true,"href":"http:\/\/www.kannelmaki.fi\/kaarela-seura\/wp-json\/wp\/v2\/users\/1"}],"replies":[{"embeddable":true,"href":"http:\/\/www.kannelmaki.fi\/kaarela-seura\/wp-json\/wp\/v2\/comments?post=128"}],"version-history":[{"count":7,"href":"http:\/\/www.kannelmaki.fi\/kaarela-seura\/wp-json\/wp\/v2\/pages\/128\/revisions"}],"predecessor-version":[{"id":518,"href":"http:\/\/www.kannelmaki.fi\/kaarela-seura\/wp-json\/wp\/v2\/pages\/128\/revisions\/518"}],"wp:attachment":[{"href":"http:\/\/www.kannelmaki.fi\/kaarela-seura\/wp-json\/wp\/v2\/media?parent=128"}],"curies":[{"name":"wp","href":"https:\/\/api.w.org\/{rel}","templated":true}]}}