{"id":52,"date":"2017-12-10T16:22:19","date_gmt":"2017-12-10T14:22:19","guid":{"rendered":"http:\/\/localhost:2324\/kaarelaseura\/?page_id=52"},"modified":"2025-01-23T19:55:52","modified_gmt":"2025-01-23T17:55:52","slug":"liity-jaseneksi","status":"publish","type":"page","link":"http:\/\/www.kannelmaki.fi\/kaarela-seura\/liity-jaseneksi\/","title":{"rendered":"Liity j\u00e4seneksi"},"content":{"rendered":"<h2><span>Liity Kaarela-Seuraan!<\/span><\/h2>\n<p>Haluatko olla osa mielek\u00e4st\u00e4 yhteis\u00f6\u00e4? Liity j\u00e4seneksi Kaarela-Seuraan. J\u00e4senen\u00e4 voit vaikuttaa paikkakuntasi asioihin ja asukkaiden hyvinvointiin.<\/p>\n<p><span>Liittyminen on helppoa:<br \/>\n<\/span><span>L\u00e4het\u00e4t yhteystietosi yhdistyksemme sihteerille s\u00e4hk\u00f6postiosoitteeseen leena.timoskainen@welho.com <\/span><span>ja maksat vuoden 2025 j\u00e4senmaksun 15 euroa yhdistyksen tilille NORDEA FI09 1004 3000 2043 03 viitenumerolla 20230000119.\u00a0<\/span><\/p>\n<p><span>L\u00e4het\u00e4mme s\u00e4hk\u00f6postitse tai postin v\u00e4lityksell\u00e4 infoa tapahtumista ja alueemme t\u00e4rkeist\u00e4 asioista. <\/span><\/p>\n<p><span><strong>J\u00c4SENETU:<\/strong><br \/>\n<\/span><span>Liittym\u00e4ll\u00e4 j\u00e4seneksi saat j\u00e4senkortilla alennuksia useista alueen yrityksist\u00e4.\u00a0<\/span><\/p>\n<p><span><strong>VUODEN 2025 J\u00c4SENMAKSUT:<\/strong><br \/>\n15\u20ac henkil\u00f6j\u00e4senet \/ 50\u20ac yhdistykset ja yhteis\u00f6t \/ 100\u20ac yritykset (j\u00e4senmaksu on kalenterivuoden 1.1.-31.12.2025 ajalta)<\/span><\/p>\n<p><span>Liittym\u00e4ll\u00e4 j\u00e4seneksi saat j\u00e4senkortilla alennuksia useista alueen yrityksist\u00e4. Vuoden j\u00e4senedut vahvistetaan aina vuoden alussa ja niist\u00e4 tiedotetaan j\u00e4senist\u00f6lle. Vuonna 2025 j\u00e4senkorttia n\u00e4ytt\u00e4m\u00e4ll\u00e4 saa alennuksia: <\/span>Parturi-Kampaamo Hiuspajasta, Ravintola S\u00e4velest\u00e4 (Kaaren kauppakeskuksessa), Ravintola Britanniasta (Vanhalla ostarilla) ja Kaaren suutarista.<\/p>\n<p><span>Kaarela-Seura ry on Helsingin kaupunginosa-yhdistykset ry:n (HELKA) j\u00e4sen. <\/span><\/p>\n<h3><span><a href=\"http:\/\/www.kannelmaki.fi\/kaarela-seura\/wp-content\/uploads\/2021\/05\/Kaarela-Seura-s\u00e4\u00e4nn\u00f6t.pdf\">Kaarela-Seura s\u00e4\u00e4nn\u00f6t\u00a0<\/a><\/span><\/h3>\n<pre>tiedot p\u00e4ivitetty 17.2.2022\/ra<\/pre>\n","protected":false},"excerpt":{"rendered":"<p>Liity Kaarela-Seuraan! Haluatko olla osa mielek\u00e4st\u00e4 yhteis\u00f6\u00e4? Liity j\u00e4seneksi Kaarela-Seuraan. J\u00e4senen\u00e4 voit vaikuttaa paikkakuntasi asioihin ja asukkaiden hyvinvointiin. Liittyminen on helppoa: L\u00e4het\u00e4t yhteystietosi yhdistyksemme sihteerille s\u00e4hk\u00f6postiosoitteeseen leena.timoskainen@welho.com ja maksat vuoden 2025 j\u00e4senmaksun 15 euroa yhdistyksen tilille NORDEA FI09 1004 3000 2043 03 viitenumerolla 20230000119.\u00a0 L\u00e4het\u00e4mme s\u00e4hk\u00f6postitse tai postin v\u00e4lityksell\u00e4 infoa [&hellip;]<\/p>\n","protected":false},"author":1,"featured_media":0,"parent":0,"menu_order":0,"comment_status":"closed","ping_status":"closed","template":"","meta":[],"_links":{"self":[{"href":"http:\/\/www.kannelmaki.fi\/kaarela-seura\/wp-json\/wp\/v2\/pages\/52"}],"collection":[{"href":"http:\/\/www.kannelmaki.fi\/kaarela-seura\/wp-json\/wp\/v2\/pages"}],"about":[{"href":"http:\/\/www.kannelmaki.fi\/kaarela-seura\/wp-json\/wp\/v2\/types\/page"}],"author":[{"embeddable":true,"href":"http:\/\/www.kannelmaki.fi\/kaarela-seura\/wp-json\/wp\/v2\/users\/1"}],"replies":[{"embeddable":true,"href":"http:\/\/www.kannelmaki.fi\/kaarela-seura\/wp-json\/wp\/v2\/comments?post=52"}],"version-history":[{"count":18,"href":"http:\/\/www.kannelmaki.fi\/kaarela-seura\/wp-json\/wp\/v2\/pages\/52\/revisions"}],"predecessor-version":[{"id":536,"href":"http:\/\/www.kannelmaki.fi\/kaarela-seura\/wp-json\/wp\/v2\/pages\/52\/revisions\/536"}],"wp:attachment":[{"href":"http:\/\/www.kannelmaki.fi\/kaarela-seura\/wp-json\/wp\/v2\/media?parent=52"}],"curies":[{"name":"wp","href":"https:\/\/api.w.org\/{rel}","templated":true}]}}