{"id":54,"date":"2017-12-10T16:22:44","date_gmt":"2017-12-10T14:22:44","guid":{"rendered":"http:\/\/localhost:2324\/kaarelaseura\/?page_id=54"},"modified":"2025-02-27T12:50:56","modified_gmt":"2025-02-27T10:50:56","slug":"tapahtumat","status":"publish","type":"page","link":"http:\/\/www.kannelmaki.fi\/kaarela-seura\/tapahtumat\/","title":{"rendered":"Tapahtumat"},"content":{"rendered":"<h2>Tapahtumia vuonna 2025<\/h2>\n<ul>\n<li>Kaarela-seuran Kev\u00e4tkokous 20.3.25 klo 18.00. Asukastalo Purpuri, Purpuripolku 6. Kahvitarjoilu, tervetuloa.<\/li>\n<\/ul>\n<p><strong>Viikoittain toistuvat tapahtumat Purpurin asukastalolla<\/strong>, Purpuripolku 6<\/p>\n<ul>\n<li><span style=\"color: #000000;\">Maanantaisin<\/span> <span style=\"color: #0000ff;\">Asukaskahvit<\/span> klo 11.30-13.00<\/li>\n<li><span style=\"color: #000000;\">Tiistaisin<\/span> (20.5.25 asti, ei viikolla 8) klo 10.00-12.00<span style=\"color: #0000ff;\"> Suomen kielen kurssi<\/span> (<span style=\"color: #ff0000;\">vain naisille<\/span>). J\u00e4rjest\u00e4j\u00e4 Finn-Mamu <span style=\"color: #000000;\">Monikulttuurinen<\/span> ry. Ei vaadi ennakkoilmoittautumista.<\/li>\n<li>Tiistaisin (4.3., 18.3., 1.4., 15.4.) klo 12.30-14.00 Deutschgruppe. Saksan kielen keskusteluryhm\u00e4.<\/li>\n<li><span style=\"color: #000000;\">Tiistaisin<\/span> (parittomat viikot) klo 14.00-15.30 <span style=\"color: #0000ff;\">Svenskt spr\u00e5kcaf\u00e9<\/span>. Ruotsin kielen keskusteluryhm\u00e4.<\/li>\n<li><span style=\"color: #003300;\">Tiistait<\/span> (11.2., 11.3., 8.4., 6.5.2025) klo 17.00-19.30 <span style=\"color: #0000ff;\">Taidepaja<\/span> <span style=\"color: #ff0000;\">ennakkoilmoittautuminen: asukastalopurpuri@gmail.com<\/span><\/li>\n<li><span style=\"color: #003300;\">Keskiviikkoisin<\/span>\u00a0<span style=\"color: #0000ff;\">Kielikahvila<\/span> klo 14.00-15.45. Tule harjoittelemaan suomen kielt\u00e4 k\u00e4yt\u00e4nn\u00f6ss\u00e4.<\/li>\n<li><span style=\"color: #003300;\">Torstaisin<\/span> (22.5.25 asti) klo 11.00-14.00 <span style=\"color: #0000ff;\">Ruoanlaittokurssi<\/span> (<span style=\"color: #ff0000;\">Ryhm\u00e4 on t\u00e4ynn\u00e4<\/span>)\u00a0J\u00e4rjest\u00e4j\u00e4 Finn-Mamu <span style=\"color: #000000;\">Monikulttuurinen<\/span> ry.<\/li>\n<li><span style=\"color: #003300;\">Torstaisin<\/span> klo 13.00-15.00 <span style=\"color: #0000ff;\">Peli-iltap\u00e4iv\u00e4. <span style=\"color: #000000;\">Tule pelaamaan koukuttavaa Rummicub-peli\u00e4.<\/span><\/span><\/li>\n<li>Joka toinen <span style=\"color: #003300;\">torstai<\/span> (parittomat viikot) <span style=\"color: #0000ff;\">Neulontapaja <\/span>klo 14.00-16.00<\/li>\n<li><span style=\"color: #003300;\">Perjantaisin<\/span> <span style=\"color: #0000ff;\">Sohvaperunat<\/span> klo 13.00-15.00 Purpurissa on iso TV. Tule katsomaan mit\u00e4 kannattaa katsoa!<\/li>\n<li>Ohjelmanmuutokset\/lis\u00e4ykset mahdollisia. Facebook sivuilla viikko-ohjelma. Asukastalo Purpuri, Purpuripolku 6, 00420 Helsinki, 050 3244329, asukastalopurpuri@gmail.com<\/li>\n<\/ul>\n<div id=\"toolbar-bacdf669-e35f-40a1-80e5-21563b2aa5ca\" class=\"block-library-classic__toolbar has-advanced-toolbar\" data-placeholder=\"Klassinen\">\n<div id=\"mceu_51\" class=\"mce-tinymce mce-tinymce-inline mce-container mce-panel\" hidefocus=\"1\" role=\"application\" style=\"border-width: 1px; left: 0px; top: 0px; width: 0px; height: 0px;\" tabindex=\"-1\">\n<div id=\"mceu_51-body\" class=\"mce-container-body mce-abs-layout\" style=\"width: 0px; height: 0px;\">\n<div id=\"mceu_52\" class=\"mce-toolbar-grp mce-container mce-panel mce-abs-layout-item mce-first mce-last\" hidefocus=\"1\" role=\"group\" style=\"left: 0px; top: 0px; width: 0px; height: 0px;\" tabindex=\"-1\">\n<div id=\"mceu_52-body\" class=\"mce-container-body mce-stack-layout\" style=\"width: 0px; height: 0px;\">\n<div id=\"mceu_55\" class=\"mce-container mce-toolbar mce-stack-layout-item mce-last\" role=\"toolbar\">\n<div id=\"mceu_55-body\" class=\"mce-container-body mce-flow-layout\">\n<div id=\"mceu_56\" class=\"mce-container mce-flow-layout-item mce-first mce-last mce-btn-group\" role=\"group\">\n<div id=\"mceu_56-body\">\n<div id=\"mceu_41\" class=\"mce-widget mce-btn\" role=\"button\" aria-label=\"Vaakasuora erotin\" tabindex=\"-1\"><button id=\"mceu_41-button\" role=\"presentation\" type=\"button\" tabindex=\"-1\"><i class=\"mce-ico mce-i-hr\"><\/i><\/button><\/div>\n<div id=\"mceu_42\" class=\"mce-widget mce-btn mce-splitbtn mce-colorbutton\" role=\"button\" aria-haspopup=\"true\" aria-label=\"Tekstin v\u00e4ri\" tabindex=\"-1\"><button role=\"presentation\" hidefocus=\"1\" type=\"button\" tabindex=\"-1\"><i class=\"mce-ico mce-i-forecolor\"><\/i><span id=\"mceu_42-preview\" class=\"mce-preview\"><\/span><\/button><button type=\"button\" class=\"mce-open\" hidefocus=\"1\" tabindex=\"-1\"> <i class=\"mce-caret\"><\/i><\/button><\/div>\n<div id=\"mceu_43\" class=\"mce-widget mce-btn\" aria-pressed=\"false\" role=\"button\" aria-label=\"Liit\u00e4 muotoilemattomana\" tabindex=\"-1\"><button id=\"mceu_43-button\" role=\"presentation\" type=\"button\" tabindex=\"-1\"><i class=\"mce-ico mce-i-pastetext\"><\/i><\/button><\/div>\n<div id=\"mceu_44\" class=\"mce-widget mce-btn\" role=\"button\" aria-label=\"Poista muotoilut\" tabindex=\"-1\"><button id=\"mceu_44-button\" role=\"presentation\" type=\"button\" tabindex=\"-1\"><i class=\"mce-ico mce-i-removeformat\"><\/i><\/button><\/div>\n<div id=\"mceu_45\" class=\"mce-widget mce-btn\" role=\"button\" aria-label=\"Erikoismerkki\" tabindex=\"-1\"><button id=\"mceu_45-button\" role=\"presentation\" type=\"button\" tabindex=\"-1\"><i class=\"mce-ico mce-i-charmap\"><\/i><\/button><\/div>\n<div id=\"mceu_46\" class=\"mce-widget mce-btn\" role=\"button\" aria-label=\"Poista sisennys\" tabindex=\"-1\"><button id=\"mceu_46-button\" role=\"presentation\" type=\"button\" tabindex=\"-1\"><i class=\"mce-ico mce-i-outdent\"><\/i><\/button><\/div>\n<div id=\"mceu_47\" class=\"mce-widget mce-btn\" role=\"button\" aria-label=\"Sisenn\u00e4\" tabindex=\"-1\"><button id=\"mceu_47-button\" role=\"presentation\" type=\"button\" tabindex=\"-1\"><i class=\"mce-ico mce-i-indent\"><\/i><\/button><\/div>\n<div id=\"mceu_48\" class=\"mce-widget mce-btn\" role=\"button\" aria-label=\"Kumoa (Ctrl+Z)\" aria-disabled=\"false\" tabindex=\"-1\"><button id=\"mceu_48-button\" role=\"presentation\" type=\"button\" tabindex=\"-1\"><i class=\"mce-ico mce-i-undo\"><\/i><\/button><\/div>\n<div id=\"mceu_49\" class=\"mce-widget mce-btn mce-disabled\" role=\"button\" aria-label=\"Tee uudelleen (Ctrl+Y)\" aria-disabled=\"true\" tabindex=\"-1\"><button id=\"mceu_49-button\" role=\"presentation\" type=\"button\" tabindex=\"-1\"><i class=\"mce-ico mce-i-redo\"><\/i><\/button><\/div>\n<div id=\"mceu_50\" class=\"mce-widget mce-btn mce-last\" role=\"button\" aria-label=\"N\u00e4pp\u00e4inoikotiet (Shift+Alt+H)\" tabindex=\"-1\"><button id=\"mceu_50-button\" role=\"presentation\" type=\"button\" tabindex=\"-1\"><i class=\"mce-ico mce-i-wp_help\"><\/i><\/button><\/div>\n<\/div>\n<\/div>\n<\/div>\n<\/div>\n<\/div>\n<\/div>\n<\/div>\n<\/div>\n<\/div>\n<div id=\"editor-bacdf669-e35f-40a1-80e5-21563b2aa5ca\" class=\"wp-block-freeform block-library-rich-text__tinymce mce-content-body html5-captions mce-edit-focus\" contenteditable=\"true\" style=\"position: relative;\"><\/div>\n<h2>Tapahtumia vuonna 2023<\/h2>\n<ul>\n<li>Yhteislaulutilaisuus Purpurin asukastalolla tiistaina 11.4.2023 klo 16-18<\/li>\n<li>M\u00e4t\u00e4jokifestivaali Kartanonhaassa sunnuntaina 28.5.2023 klo 12-18<\/li>\n<\/ul>\n<p><strong>Viikoittain toistuvat tapahtumat Purpurin asukastalolla<\/strong>, Purpuripolku 6<\/p>\n<ul>\n<li>Asukaskahvit maanantaisin klo 11.30-13.00<\/li>\n<li>Neulontapaja joka toinen torstai (parittomat viikot) klo 14-16<\/li>\n<li>Kielikahvila keskiviikkoisin klo 14.00-15.45<\/li>\n<li>Peli-iltap\u00e4iv\u00e4 Rummicub torstaisin klo 13-15<\/li>\n<li>Sohvaperunat perjantaisin klo 13-15<\/li>\n<\/ul>\n<h2>Tapahtumia vuonna 2022<\/h2>\n<ul>\n<li><span style=\"color: #000000;\">Kaarela-Seuran Itsen\u00e4isyysp\u00e4iv\u00e4juhla ti 06.12. klo 13.00 Kanneltalossa<\/span><\/li>\n<li>Sitratorin joulutapahtuma to 15.12. klo 12-14<\/li>\n<li><span style=\"color: #000000;\">Asukastalon joulugl\u00f6git pe 16.12. klo 12-14 asukkaille 14-16 sidosryhmille<\/span><\/li>\n<\/ul>\n<h2><\/h2>\n<h2><\/h2>\n<h2>Tapahtumia vuonna 2020<\/h2>\n<ul>\n<li><span style=\"color: #000000;\">Kaarela-Seuran Kev\u00e4tkokous 26.3. klo 18.00 Kannelm\u00e4en Kahvilassa<\/span><\/li>\n<li><span style=\"color: #000000;\">M\u00e4tisfestarit 24.5.2020 klo 10 &#8211; 17 Kartanonhaassa<\/span><\/li>\n<li><span style=\"color: #000000;\">Itsen\u00e4isyysp\u00e4iv\u00e4njuhla perjantaina 06.12.2020 Kanneltalossa kello 14.00.<\/span><\/li>\n<li><span style=\"color: #000000;\">Joulujuhla lauantaina 12.12.2020 kello 15.00 Kanneltalossa.<\/span><\/li>\n<\/ul>\n","protected":false},"excerpt":{"rendered":"<p>Tapahtumia vuonna 2025 Kaarela-seuran Kev\u00e4tkokous 20.3.25 klo 18.00. Asukastalo Purpuri, Purpuripolku 6. Kahvitarjoilu, tervetuloa. Viikoittain toistuvat tapahtumat Purpurin asukastalolla, Purpuripolku 6 Maanantaisin Asukaskahvit klo 11.30-13.00 Tiistaisin (20.5.25 asti, ei viikolla 8) klo 10.00-12.00 Suomen kielen kurssi (vain naisille). J\u00e4rjest\u00e4j\u00e4 Finn-Mamu Monikulttuurinen ry. Ei vaadi ennakkoilmoittautumista. Tiistaisin (4.3., 18.3., 1.4., 15.4.) [&hellip;]<\/p>\n","protected":false},"author":1,"featured_media":0,"parent":0,"menu_order":0,"comment_status":"closed","ping_status":"closed","template":"","meta":[],"_links":{"self":[{"href":"http:\/\/www.kannelmaki.fi\/kaarela-seura\/wp-json\/wp\/v2\/pages\/54"}],"collection":[{"href":"http:\/\/www.kannelmaki.fi\/kaarela-seura\/wp-json\/wp\/v2\/pages"}],"about":[{"href":"http:\/\/www.kannelmaki.fi\/kaarela-seura\/wp-json\/wp\/v2\/types\/page"}],"author":[{"embeddable":true,"href":"http:\/\/www.kannelmaki.fi\/kaarela-seura\/wp-json\/wp\/v2\/users\/1"}],"replies":[{"embeddable":true,"href":"http:\/\/www.kannelmaki.fi\/kaarela-seura\/wp-json\/wp\/v2\/comments?post=54"}],"version-history":[{"count":22,"href":"http:\/\/www.kannelmaki.fi\/kaarela-seura\/wp-json\/wp\/v2\/pages\/54\/revisions"}],"predecessor-version":[{"id":568,"href":"http:\/\/www.kannelmaki.fi\/kaarela-seura\/wp-json\/wp\/v2\/pages\/54\/revisions\/568"}],"wp:attachment":[{"href":"http:\/\/www.kannelmaki.fi\/kaarela-seura\/wp-json\/wp\/v2\/media?parent=54"}],"curies":[{"name":"wp","href":"https:\/\/api.w.org\/{rel}","templated":true}]}}