{"id":83,"date":"2017-12-10T17:36:20","date_gmt":"2017-12-10T15:36:20","guid":{"rendered":"http:\/\/localhost:2324\/kaarelaseura\/?page_id=83"},"modified":"2017-12-10T17:39:52","modified_gmt":"2017-12-10T15:39:52","slug":"historia","status":"publish","type":"page","link":"http:\/\/www.kannelmaki.fi\/kaarela-seura\/historia\/","title":{"rendered":"Historia"},"content":{"rendered":"<p>Kannelm\u00e4ki -Seura ry muutti nimens\u00e4 Kaarela -Seuraksi vuonna 2004, koska haluttiin, ett\u00e4 toiminta my\u00f6s nimen\u00e4 kattaa koko Kaarelan alueen: Kannelm\u00e4ki, Hakuninmaa, Maununeva ja Malminkartano. Kannelm\u00e4ki -Seura perustettiin jo vuonna 1961.<\/p>\n<p>Tarjoamme virikkeit\u00e4 kaupunginosamme asukkaille ja toimimme yhdiyssiteen\u00e4 viranomaisiin ja Iuottamushenkil\u00f6ihin.<\/p>\n<p>Ty\u00f6skentelemme yhteisty\u00f6ss\u00e4 mm. Kaarelan Omakotiyhdistyksen, Malminkartanon Asukasyhdistyksen, K\u00e4rb\u00f6le Gillen, Kannelm\u00e4en El\u00e4kkeensaajien, Kaarelan El\u00e4kel\u00e4isten, Kanneltalon, Kannelm\u00e4en Nuorisotalon, Kannelm\u00e4en seurakunnan, L\u00e4ntisen ty\u00f6v\u00e4enopiston, Kannelm\u00e4en Voimistelijoiden, Kannelm\u00e4en ja Malminkartanon leijonien, Poliisin ja monen muun alueen j\u00e4rjest\u00f6 ja urheiluseuran kanssa.<\/p>\n<p>Seura on vuosikymmeni\u00e4 toiminut aktiivisesti asukkaiden ja ymp\u00e4rist\u00f6n hyv\u00e4ksi. Sill\u00e4 on oma ansionsa mm. siin\u00e4, ett\u00e4<\/p>\n<ul>\n<li>Kannelm\u00e4ess\u00e4 on kulttuurikeskus Kanneltalo<\/li>\n<li>Terveysasema on s\u00e4ilynyt alueella<\/li>\n<li>Liikennej\u00e4rjestelyj\u00e4 on tehostettu<\/li>\n<li>Asumisviihtyvyytt\u00e4 on lis\u00e4tty<\/li>\n<li>Asukasturvallisuus on parantunut<\/li>\n<li>M\u00e4t\u00e4joen ymp\u00e4rist\u00f6\u00e4 on kunnostettu<\/li>\n<li>Nuorison ja maahanmuuttajien ongelmia on helpotettu<\/li>\n<\/ul>\n<p>Seura julkaisee Tanotorvi-lehte\u00e4. Julkaisu on osa n\u00e4kyv\u00e4\u00e4 toimintaamme; se ottaa kantaa asukkaiden puolesta ja v\u00e4litt\u00e4\u00e4 kaikille t\u00e4rke\u00e4\u00e4 informaatiota. Yhdess\u00e4 Tanotorven kanssa on vuosien ajan j\u00e4rjestetty mm. M\u00e4tis-festarit, kirkkokonsertteja sek\u00e4 seura-llukijamatkoja Helsingiss\u00e4 ja ymp\u00e4rist\u00f6ss\u00e4.<\/p>\n<p>Vuodesta 1993 alkaen seura on julkaissut my\u00f6s Kanneltietoa, Kaarelan kotisivu- ja palveluopasta, joka on jaettu kerran vuodessa jokaiseen kotiin.<\/p>\n<p>Seura osallistuu Kannelm\u00e4ke\u00e4 ja Kaarelaa koskevan kirjallisuuden tuottamiseen ja se on antanut panoksensa my\u00f6s kahden lyhytelokuvan &#8221;M\u00e4t\u00e4zon Stadin Amazon&#8221; ja &#8221;M\u00e4t\u00e4joki Blues&#8221; tekemiseen.<\/p>\n<p>Olemme mukana erilaisissa yhteistoimintakokouksissa ja turvallisuusfoorumeissa. J\u00e4rjest\u00e4mme ltsen\u00e4isyysp\u00e4iv\u00e4n juhlat sek\u00e4 joulujuhlat Kanneltalossa.<br \/>\nValitsemme vuosittain Kaarelan vuoden yritt\u00e4j\u00e4n.<\/p>\n<p>Seuran tulevia haasteita ovat mm;<\/p>\n<ul>\n<li>Kaupunkipolun suunnittelu<\/li>\n<li>J\u00e4\u00e4hallin rakentaminen<\/li>\n<li>Juoksuhautojen kunnostaminen<\/li>\n<li>M\u00e4t\u00e4joen siistin\u00e4 pit\u00e4minen (Iohiportaat)<\/li>\n<li>Kuninkaantammen ja Honkasuon kaupunginosien rakentaminen<\/li>\n<li>Yhdystie Kannelm\u00e4en ja Malminkartanon v\u00e4lille.<\/li>\n<\/ul>\n","protected":false},"excerpt":{"rendered":"<p>Kannelm\u00e4ki -Seura ry muutti nimens\u00e4 Kaarela -Seuraksi vuonna 2004, koska haluttiin, ett\u00e4 toiminta my\u00f6s nimen\u00e4 kattaa koko Kaarelan alueen: Kannelm\u00e4ki, Hakuninmaa, Maununeva ja Malminkartano. Kannelm\u00e4ki -Seura perustettiin jo vuonna 1961. Tarjoamme virikkeit\u00e4 kaupunginosamme asukkaille ja toimimme yhdiyssiteen\u00e4 viranomaisiin ja Iuottamushenkil\u00f6ihin. Ty\u00f6skentelemme yhteisty\u00f6ss\u00e4 mm. Kaarelan Omakotiyhdistyksen, Malminkartanon Asukasyhdistyksen, K\u00e4rb\u00f6le Gillen, Kannelm\u00e4en [&hellip;]<\/p>\n","protected":false},"author":1,"featured_media":0,"parent":0,"menu_order":0,"comment_status":"closed","ping_status":"closed","template":"","meta":[],"_links":{"self":[{"href":"http:\/\/www.kannelmaki.fi\/kaarela-seura\/wp-json\/wp\/v2\/pages\/83"}],"collection":[{"href":"http:\/\/www.kannelmaki.fi\/kaarela-seura\/wp-json\/wp\/v2\/pages"}],"about":[{"href":"http:\/\/www.kannelmaki.fi\/kaarela-seura\/wp-json\/wp\/v2\/types\/page"}],"author":[{"embeddable":true,"href":"http:\/\/www.kannelmaki.fi\/kaarela-seura\/wp-json\/wp\/v2\/users\/1"}],"replies":[{"embeddable":true,"href":"http:\/\/www.kannelmaki.fi\/kaarela-seura\/wp-json\/wp\/v2\/comments?post=83"}],"version-history":[{"count":4,"href":"http:\/\/www.kannelmaki.fi\/kaarela-seura\/wp-json\/wp\/v2\/pages\/83\/revisions"}],"predecessor-version":[{"id":89,"href":"http:\/\/www.kannelmaki.fi\/kaarela-seura\/wp-json\/wp\/v2\/pages\/83\/revisions\/89"}],"wp:attachment":[{"href":"http:\/\/www.kannelmaki.fi\/kaarela-seura\/wp-json\/wp\/v2\/media?parent=83"}],"curies":[{"name":"wp","href":"https:\/\/api.w.org\/{rel}","templated":true}]}}